{"id":41,"date":"2024-03-05T22:35:33","date_gmt":"2024-03-06T01:35:33","guid":{"rendered":"https:\/\/schwartzulrich.com\/?page_id=41"},"modified":"2025-08-11T14:05:58","modified_gmt":"2025-08-11T17:05:58","slug":"41-2","status":"publish","type":"page","link":"https:\/\/schwartzulrich.com\/index.php\/41-2\/","title":{"rendered":"Artigos"},"content":{"rendered":"\n<div class=\"wp-block-group has-global-padding is-layout-constrained wp-block-group-is-layout-constrained\">\n<p>Aqui voc\u00ea encontra os artigos mais recentes do escrit\u00f3rio.<\/p>\n<\/div>\n\n\n\n<div class=\"wp-block-group alignfull has-global-padding is-layout-constrained wp-block-group-is-layout-constrained\" style=\"padding-top:var(--wp--preset--spacing--50);padding-right:var(--wp--preset--spacing--50);padding-bottom:var(--wp--preset--spacing--50);padding-left:var(--wp--preset--spacing--50)\">\n<div class=\"wp-block-columns is-layout-flex wp-container-core-columns-is-layout-1 wp-block-columns-is-layout-flex\">\n<div class=\"wp-block-column is-layout-flow wp-block-column-is-layout-flow\" style=\"flex-basis:100%\">\n<div class=\"wp-block-group alignfull has-global-padding is-layout-constrained wp-block-group-is-layout-constrained\"><ul style=\"padding-top:0;padding-bottom:0;\" class=\"wp-block-latest-posts__list is-grid columns-3 has-dates has-author alignfull wp-block-latest-posts has-medium-font-size\"><li><a class=\"wp-block-latest-posts__post-title\" href=\"https:\/\/schwartzulrich.com\/index.php\/2025\/08\/11\/schwartz-ulrich-advocacia-atuacao-personalizada-desde-2016\/\">Schwartz Ulrich Advocacia: atua\u00e7\u00e3o personalizada desde 2016<\/a><div class=\"wp-block-latest-posts__post-author\">por schwartzulrich.com<\/div><time datetime=\"2025-08-11T14:01:49-03:00\" class=\"wp-block-latest-posts__post-date\">11 de agosto de 2025<\/time><div class=\"wp-block-latest-posts__post-excerpt\">Bem-vindo ao Schwartz Ulrich Advocacia Com aten\u00e7\u00e3o aos detalhes e ampla experi\u00eancia, nossa equipe est\u00e1 pronta para atender voc\u00ea em diversas \u00e1reas do Direito. Desde 2016, atuamos com excel\u00eancia e proximidade, sempre com o prop\u00f3sito de oferecer um servi\u00e7o jur\u00eddico personalizado e centrado nas necessidades de cada cliente. Quem somos\u2026 <a href=\"https:\/\/schwartzulrich.com\/index.php\/2025\/08\/11\/schwartz-ulrich-advocacia-atuacao-personalizada-desde-2016\/\" rel=\"noopener noreferrer\">Leia mais<span class=\"screen-reader-text\">: Schwartz Ulrich Advocacia: atua\u00e7\u00e3o personalizada desde 2016<\/span><\/a><\/div><\/li>\n<\/ul><\/div>\n<\/div>\n<\/div>\n<\/div>\n","protected":false},"excerpt":{"rendered":"<p>Aqui voc\u00ea encontra os artigos mais recentes do escrit\u00f3rio.<\/p>\n","protected":false},"author":1,"featured_media":0,"parent":0,"menu_order":0,"comment_status":"closed","ping_status":"closed","template":"","meta":{"footnotes":""},"_links":{"self":[{"href":"https:\/\/schwartzulrich.com\/index.php\/wp-json\/wp\/v2\/pages\/41"}],"collection":[{"href":"https:\/\/schwartzulrich.com\/index.php\/wp-json\/wp\/v2\/pages"}],"about":[{"href":"https:\/\/schwartzulrich.com\/index.php\/wp-json\/wp\/v2\/types\/page"}],"author":[{"embeddable":true,"href":"https:\/\/schwartzulrich.com\/index.php\/wp-json\/wp\/v2\/users\/1"}],"replies":[{"embeddable":true,"href":"https:\/\/schwartzulrich.com\/index.php\/wp-json\/wp\/v2\/comments?post=41"}],"version-history":[{"count":6,"href":"https:\/\/schwartzulrich.com\/index.php\/wp-json\/wp\/v2\/pages\/41\/revisions"}],"predecessor-version":[{"id":56,"href":"https:\/\/schwartzulrich.com\/index.php\/wp-json\/wp\/v2\/pages\/41\/revisions\/56"}],"wp:attachment":[{"href":"https:\/\/schwartzulrich.com\/index.php\/wp-json\/wp\/v2\/media?parent=41"}],"curies":[{"name":"wp","href":"https:\/\/api.w.org\/{rel}","templated":true}]}}