{"id":3,"date":"2024-01-08T10:10:42","date_gmt":"2024-01-08T13:10:42","guid":{"rendered":"http:\/\/schwartzulrich.com\/?page_id=3"},"modified":"2024-05-28T16:05:27","modified_gmt":"2024-05-28T19:05:27","slug":"politica-de-privacidade","status":"publish","type":"page","link":"https:\/\/schwartzulrich.com\/index.php\/politica-de-privacidade\/","title":{"rendered":"Pol\u00edtica de privacidade"},"content":{"rendered":"\n<h2 class=\"wp-block-heading\">Quem somos<\/h2>\n\n\n\n<p>O endere\u00e7o do nosso site \u00e9: https:\/\/schwartzulrich.com.<\/p>\n\n\n\n<h2 class=\"wp-block-heading\">Cookies<\/h2>\n\n\n\n<p>Quando voc\u00ea acessa ao site, criamos v\u00e1rios cookies para salvar suas escolhas de exibi\u00e7\u00e3o de tela. Cookies de op\u00e7\u00f5es de tela s\u00e3o mantidos por um ano.<\/p>\n\n\n\n<h2 class=\"wp-block-heading\">M\u00eddia incorporada de outros sites<\/h2>\n\n\n\n<p>Artigos neste site podem incluir conte\u00fado incorporado como, por exemplo, v\u00eddeos, imagens, artigos, etc. Conte\u00fados incorporados de outros sites se comportam exatamente da mesma forma como se o visitante estivesse visitando o outro site.<\/p>\n\n\n\n<h2 class=\"wp-block-heading\">Com quem compartilhamos seus dados<\/h2>\n\n\n\n<p>N\u00e3o compartilhamos seus dados.<\/p>\n\n\n\n<h2 class=\"wp-block-heading\">Para onde seus dados s\u00e3o enviados<\/h2>\n\n\n\n<p>Seus dados caso disponibilizados em formul\u00e1rio, ser\u00e3o utilizados apenas para contato via midias digitais.<\/p>\n","protected":false},"excerpt":{"rendered":"<p>Quem somos O endere\u00e7o do nosso site \u00e9: https:\/\/schwartzulrich.com. Cookies Quando voc\u00ea acessa ao site, criamos v\u00e1rios cookies para salvar suas escolhas de exibi\u00e7\u00e3o de tela. Cookies de op\u00e7\u00f5es de tela s\u00e3o mantidos por um ano. M\u00eddia incorporada de outros sites Artigos neste site podem incluir conte\u00fado incorporado como, por exemplo, v\u00eddeos, imagens, artigos, etc. [&hellip;]<\/p>\n","protected":false},"author":1,"featured_media":0,"parent":0,"menu_order":0,"comment_status":"closed","ping_status":"open","template":"","meta":{"footnotes":""},"_links":{"self":[{"href":"https:\/\/schwartzulrich.com\/index.php\/wp-json\/wp\/v2\/pages\/3"}],"collection":[{"href":"https:\/\/schwartzulrich.com\/index.php\/wp-json\/wp\/v2\/pages"}],"about":[{"href":"https:\/\/schwartzulrich.com\/index.php\/wp-json\/wp\/v2\/types\/page"}],"author":[{"embeddable":true,"href":"https:\/\/schwartzulrich.com\/index.php\/wp-json\/wp\/v2\/users\/1"}],"replies":[{"embeddable":true,"href":"https:\/\/schwartzulrich.com\/index.php\/wp-json\/wp\/v2\/comments?post=3"}],"version-history":[{"count":1,"href":"https:\/\/schwartzulrich.com\/index.php\/wp-json\/wp\/v2\/pages\/3\/revisions"}],"predecessor-version":[{"id":170,"href":"https:\/\/schwartzulrich.com\/index.php\/wp-json\/wp\/v2\/pages\/3\/revisions\/170"}],"wp:attachment":[{"href":"https:\/\/schwartzulrich.com\/index.php\/wp-json\/wp\/v2\/media?parent=3"}],"curies":[{"name":"wp","href":"https:\/\/api.w.org\/{rel}","templated":true}]}}