{"id":25,"date":"2024-02-28T20:32:06","date_gmt":"2024-02-28T23:32:06","guid":{"rendered":"https:\/\/schwartzulrich.com\/?page_id=25"},"modified":"2024-06-06T13:45:39","modified_gmt":"2024-06-06T16:45:39","slug":"25-2","status":"publish","type":"page","link":"https:\/\/schwartzulrich.com\/index.php\/25-2\/","title":{"rendered":"Sobre n\u00f3s"},"content":{"rendered":"\n<div style=\"height:100px\" aria-hidden=\"true\" class=\"wp-block-spacer\"><\/div>\n\n\n\n<div class=\"wp-block-group alignfull has-accent-3-background-color has-background has-global-padding is-layout-constrained wp-block-group-is-layout-constrained\" style=\"margin-top:0;margin-bottom:0;padding-top:var(--wp--preset--spacing--50);padding-right:var(--wp--preset--spacing--50);padding-bottom:var(--wp--preset--spacing--50);padding-left:var(--wp--preset--spacing--50)\">\n<div class=\"wp-block-columns alignwide is-layout-flex wp-container-core-columns-is-layout-1 wp-block-columns-is-layout-flex\">\n<div class=\"wp-block-column is-vertically-aligned-stretch is-layout-flow wp-block-column-is-layout-flow\" style=\"flex-basis:50%\">\n<div class=\"wp-block-group is-vertical is-content-justification-stretch is-layout-flex wp-container-core-group-is-layout-2 wp-block-group-is-layout-flex\" style=\"min-height:100%\">\n<p class=\"has-heading-font-family has-x-large-font-size\" style=\"line-height:1.2\">O escrit\u00f3rio Schwartz Ulrich Advocacia atua em v\u00e1rias frentes do direito tendo sua funda\u00e7\u00e3o no ano de 2016.<\/p>\n\n\n\n<div class=\"wp-block-group has-global-padding is-content-justification-left is-layout-constrained wp-container-core-group-is-layout-1 wp-block-group-is-layout-constrained\">\n<p class=\"wp-container-content-1\">Veja mais sobre n\u00f3s abaixo.<\/p>\n<\/div>\n<\/div>\n<\/div>\n\n\n\n<div class=\"wp-block-column is-vertically-aligned-center is-layout-flow wp-block-column-is-layout-flow\" style=\"flex-basis:50%\">\n<figure class=\"wp-block-image size-large is-style-rounded\"><img loading=\"lazy\" decoding=\"async\" width=\"1024\" height=\"1024\" src=\"https:\/\/schwartzulrich.com\/wp-content\/uploads\/2024\/02\/Schwartz-Ulrich-1024x1024.png\" alt=\"\" class=\"wp-image-21\" style=\"aspect-ratio:4\/3;object-fit:cover\" srcset=\"https:\/\/schwartzulrich.com\/wp-content\/uploads\/2024\/02\/Schwartz-Ulrich-1024x1024.png 1024w, https:\/\/schwartzulrich.com\/wp-content\/uploads\/2024\/02\/Schwartz-Ulrich-300x300.png 300w, https:\/\/schwartzulrich.com\/wp-content\/uploads\/2024\/02\/Schwartz-Ulrich-150x150.png 150w, https:\/\/schwartzulrich.com\/wp-content\/uploads\/2024\/02\/Schwartz-Ulrich-768x768.png 768w, https:\/\/schwartzulrich.com\/wp-content\/uploads\/2024\/02\/Schwartz-Ulrich-1536x1536.png 1536w, https:\/\/schwartzulrich.com\/wp-content\/uploads\/2024\/02\/Schwartz-Ulrich-2048x2048.png 2048w\" sizes=\"(max-width: 1024px) 100vw, 1024px\" \/><\/figure>\n<\/div>\n<\/div>\n<\/div>\n\n\n\n<div class=\"wp-block-group alignfull has-base-background-color has-background has-global-padding is-layout-constrained wp-block-group-is-layout-constrained\" style=\"margin-top:0;margin-bottom:0;padding-top:var(--wp--preset--spacing--50);padding-right:var(--wp--preset--spacing--50);padding-bottom:var(--wp--preset--spacing--50);padding-left:var(--wp--preset--spacing--50)\">\n<div class=\"wp-block-columns alignwide are-vertically-aligned-top is-layout-flex wp-container-core-columns-is-layout-3 wp-block-columns-is-layout-flex\">\n<div class=\"wp-block-column is-vertically-aligned-top is-layout-flow wp-container-core-column-is-layout-4 wp-block-column-is-layout-flow\" style=\"flex-basis:50%\">\n<p class=\"has-heading-font-family has-x-large-font-size\" style=\"line-height:1.2\">Com aten\u00e7\u00e3o aos detalhes e com ampla experiencia, nossa equipe se encontra pronta para atender todos os clientes em v\u00e1rias \u00e1reas&nbsp;do&nbsp;direito.<\/p>\n\n\n\n<div class=\"wp-block-columns is-layout-flex wp-container-core-columns-is-layout-2 wp-block-columns-is-layout-flex\">\n<div class=\"wp-block-column is-layout-flow wp-block-column-is-layout-flow\">\n<p>O escrit\u00f3rio Schwartz Ulrich Advocacia atua em v\u00e1rias frentes do direito tendo sua funda\u00e7\u00e3o no ano de 2016.<br>Sempre visando a excel\u00eancia o escrit\u00f3rio busca atuar de maneira personalizada, buscando solu\u00e7\u00f5es especificas para as demandas trazidas pelos clientes.<br>Seja na advocacia contenciosa ou na preventiva, o objetivo \u00e9 poder utilizar todo o profundo conhecimento legal para personalizar o servi\u00e7o de representa\u00e7\u00e3o do cliente.<br>A velocidade da sociedade p\u00f3s-moderna exige grande per\u00edcia para navegar nas constantes mudan\u00e7as legislativas, auxiliando na preven\u00e7\u00e3o dos lit\u00edgios quando poss\u00edvel, trazendo mais efetividade e celeridade na solu\u00e7\u00e3o das lides.<br>A miss\u00e3o \u00e9 a busca incessante do aprimoramento jur\u00eddico, unindo as mais novas tecnologias utilizadas na \u00e1rea do direito com o conhecimento e pr\u00e1tica jur\u00eddica, auxiliando a atividade judicante e obtendo resultados favor\u00e1veis aos clientes no \u00e2mbito\u00a0dos\u00a0tribunais.<\/p>\n<\/div>\n<\/div>\n<\/div>\n\n\n\n<div class=\"wp-block-column is-layout-flow wp-block-column-is-layout-flow\" style=\"flex-basis:50%\">\n<figure class=\"wp-block-image aligncenter size-large is-resized has-custom-border is-style-default\"><img loading=\"lazy\" decoding=\"async\" width=\"796\" height=\"1024\" src=\"https:\/\/schwartzulrich.com\/wp-content\/uploads\/2024\/03\/Firefly-Escritorio-advocacia-mesas-com-livros-e-computadores-78108-796x1024.jpg\" alt=\"\" class=\"wp-image-132\" style=\"border-radius:20px;width:517px;height:auto\" srcset=\"https:\/\/schwartzulrich.com\/wp-content\/uploads\/2024\/03\/Firefly-Escritorio-advocacia-mesas-com-livros-e-computadores-78108-796x1024.jpg 796w, https:\/\/schwartzulrich.com\/wp-content\/uploads\/2024\/03\/Firefly-Escritorio-advocacia-mesas-com-livros-e-computadores-78108-233x300.jpg 233w, https:\/\/schwartzulrich.com\/wp-content\/uploads\/2024\/03\/Firefly-Escritorio-advocacia-mesas-com-livros-e-computadores-78108-768x987.jpg 768w, https:\/\/schwartzulrich.com\/wp-content\/uploads\/2024\/03\/Firefly-Escritorio-advocacia-mesas-com-livros-e-computadores-78108-1195x1536.jpg 1195w, https:\/\/schwartzulrich.com\/wp-content\/uploads\/2024\/03\/Firefly-Escritorio-advocacia-mesas-com-livros-e-computadores-78108-1593x2048.jpg 1593w, https:\/\/schwartzulrich.com\/wp-content\/uploads\/2024\/03\/Firefly-Escritorio-advocacia-mesas-com-livros-e-computadores-78108.jpg 1792w\" sizes=\"(max-width: 796px) 100vw, 796px\" \/><\/figure>\n<\/div>\n<\/div>\n<\/div>\n\n\n\n<div class=\"wp-block-group alignfull has-base-color has-contrast-background-color has-text-color has-background has-link-color wp-elements-f365b5737876fbc663db4cd5857ce534 has-global-padding is-layout-constrained wp-block-group-is-layout-constrained\" style=\"margin-top:0;margin-bottom:0;padding-top:var(--wp--preset--spacing--50);padding-right:var(--wp--preset--spacing--50);padding-bottom:var(--wp--preset--spacing--50);padding-left:var(--wp--preset--spacing--50)\">\n<h2 class=\"wp-block-heading alignwide has-base-color has-text-color has-link-color wp-elements-494d5437a74d2dc822f7ca59433e4e0b\" style=\"font-size:clamp(4.509rem, 4.509rem + ((1vw - 0.2rem) * 9.152), 10rem);letter-spacing:-0.02em\">Perguntas<\/h2>\n\n\n\n<div class=\"wp-block-group alignwide is-layout-flow wp-block-group-is-layout-flow\">\n<hr class=\"wp-block-separator has-text-color has-base-color has-alpha-channel-opacity has-base-background-color has-background is-style-wide\"\/>\n\n\n\n<details class=\"wp-block-details is-style-arrow-icon-details has-medium-font-size is-layout-flow wp-block-details-is-layout-flow\" style=\"border-top-style:none;border-top-width:0px;border-right-style:none;border-right-width:0px;border-bottom-color:var(--wp--preset--color--base);border-bottom-style:solid;border-bottom-width:1px;border-left-style:none;border-left-width:0px;margin-top:0\"><summary>Que \u00e1reas do direito o escrit\u00f3rio atua?<\/summary>\n<p class=\"has-contrast-1-color has-text-color has-link-color wp-elements-ffd6029997bfbc23eac0a19298111eeb\">Dentre as principais \u00e1reas de atua\u00e7\u00e3o, o escrit\u00f3rio atende: Direito Civil, Direito Empresarial, Direito Criminal, Direito Tribut\u00e1rio e Direito Administrativo. Veja mais em <a href=\"https:\/\/schwartzulrich.com\/index.php\/areas-de-atuacao\/\" data-type=\"page\" data-id=\"34\">\u00c1reas De Atua\u00e7\u00e3o<\/a>.<\/p>\n<\/details>\n\n\n\n<details class=\"wp-block-details is-style-arrow-icon-details has-medium-font-size is-layout-flow wp-block-details-is-layout-flow\" style=\"border-top-style:none;border-top-width:0px;border-right-style:none;border-right-width:0px;border-bottom-color:var(--wp--preset--color--base);border-bottom-style:solid;border-bottom-width:1px;border-left-style:none;border-left-width:0px;margin-top:0\"><summary>Quais s\u00e3o os hor\u00e1rios de funcionamento do escrit\u00f3rio?<\/summary>\n<p class=\"has-contrast-1-color has-text-color has-link-color wp-elements-0cdfdafcf1196fbfe090bf3d0e9ec6e2\">De segunda \u00e0 sexta das 8:30 \u00e0s 18:00.<\/p>\n<\/details>\n\n\n\n<details class=\"wp-block-details is-style-arrow-icon-details has-medium-font-size is-layout-flow wp-block-details-is-layout-flow\" style=\"border-top-style:none;border-top-width:0px;border-right-style:none;border-right-width:0px;border-bottom-color:var(--wp--preset--color--base);border-bottom-style:solid;border-bottom-width:1px;border-left-style:none;border-left-width:0px;margin-top:0\"><summary>Aonde posso encontrar materiais e artigos do escrit\u00f3rio?<\/summary>\n<p class=\"has-contrast-1-color has-text-color has-link-color wp-elements-fa3039b5a7a24e5ca92c5b9081fb6e2f\">Os artigos do escrit\u00f3rio podem ser encotrados neste site na aba &#8221;Artigos&#8221; e voc\u00ea pode encontrar mais material acessando nossas redes sociais que est\u00e3o localizadas na aba &#8221;contato&#8221; ou no rodap\u00e9 da p\u00e1gina.<\/p>\n<\/details>\n\n\n\n<details class=\"wp-block-details is-style-arrow-icon-details has-medium-font-size is-layout-flow wp-block-details-is-layout-flow\" style=\"border-top-style:none;border-top-width:0px;border-right-style:none;border-right-width:0px;border-bottom-color:var(--wp--preset--color--base);border-bottom-style:solid;border-bottom-width:1px;border-left-style:none;border-left-width:0px;margin-top:0\"><summary>Como fa\u00e7o para contratar os servi\u00e7os do escrit\u00f3rio?<\/summary>\n<p class=\"has-contrast-1-color has-text-color has-link-color wp-elements-c340ea5035004a659244991ffe0e3673\">Nos envie uma mensagem a partir dos campos na aba &#8221;Contato&#8221; ou envie uma mensagem diretamente no nosso whatsapp que se encontra tamb\u00e9m na mesma aba.<\/p>\n<\/details>\n\n\n\n<div style=\"margin-top:var(--wp--preset--spacing--10);margin-bottom:0;height:var(--wp--preset--spacing--10)\" aria-hidden=\"true\" class=\"wp-block-spacer\"><\/div>\n<\/div>\n<\/div>\n","protected":false},"excerpt":{"rendered":"<p>O escrit\u00f3rio Schwartz Ulrich Advocacia atua em v\u00e1rias frentes do direito tendo sua funda\u00e7\u00e3o no ano de 2016. Veja mais sobre n\u00f3s abaixo. Com aten\u00e7\u00e3o aos detalhes e com ampla experiencia, nossa equipe se encontra pronta para atender todos os clientes em v\u00e1rias \u00e1reas&nbsp;do&nbsp;direito. O escrit\u00f3rio Schwartz Ulrich Advocacia atua em v\u00e1rias frentes do direito [&hellip;]<\/p>\n","protected":false},"author":1,"featured_media":0,"parent":0,"menu_order":0,"comment_status":"closed","ping_status":"closed","template":"","meta":{"footnotes":""},"_links":{"self":[{"href":"https:\/\/schwartzulrich.com\/index.php\/wp-json\/wp\/v2\/pages\/25"}],"collection":[{"href":"https:\/\/schwartzulrich.com\/index.php\/wp-json\/wp\/v2\/pages"}],"about":[{"href":"https:\/\/schwartzulrich.com\/index.php\/wp-json\/wp\/v2\/types\/page"}],"author":[{"embeddable":true,"href":"https:\/\/schwartzulrich.com\/index.php\/wp-json\/wp\/v2\/users\/1"}],"replies":[{"embeddable":true,"href":"https:\/\/schwartzulrich.com\/index.php\/wp-json\/wp\/v2\/comments?post=25"}],"version-history":[{"count":20,"href":"https:\/\/schwartzulrich.com\/index.php\/wp-json\/wp\/v2\/pages\/25\/revisions"}],"predecessor-version":[{"id":207,"href":"https:\/\/schwartzulrich.com\/index.php\/wp-json\/wp\/v2\/pages\/25\/revisions\/207"}],"wp:attachment":[{"href":"https:\/\/schwartzulrich.com\/index.php\/wp-json\/wp\/v2\/media?parent=25"}],"curies":[{"name":"wp","href":"https:\/\/api.w.org\/{rel}","templated":true}]}}